{"id":314,"date":"2015-05-17T07:28:17","date_gmt":"2015-05-17T05:28:17","guid":{"rendered":"http:\/\/www.pamcreativ.ch\/?page_id=314"},"modified":"2015-05-19T10:47:57","modified_gmt":"2015-05-19T08:47:57","slug":"pamcreativ","status":"publish","type":"page","link":"https:\/\/www.pamcreativ.ch\/?page_id=314","title":{"rendered":"pamcreativ"},"content":{"rendered":"<p style=\"text-align: justify;\"><strong>Warum heisst meine Website eigentlich pamcreativ?<\/strong><\/p>\n<p style=\"text-align: justify;\">Als ich etwa 13 Jahre alt war, haben meine Cousine Sabin und ich uns gegenseitig Briefe und Zeitungen geschrieben. Ein Jahr sp\u00e4ter habe ich dann begonnen eine Verwandtschaftszeitung an die ganze Familie zu senden. Mit 16 hatte ich dann bereits 45 Abonnenten, die fast jeden Monat eine &#8222;Patrick&#8217;s Zeitung&#8220; mit Reportagen, Geburtstagskalender und Wettebwerb erhalten haben. Ein Jahresabo kostete CHF 45.- inkl. Versand. Dank unserem Gesch\u00e4ft zu Hause konnte ich die Zeitung selber kopieren und heften. Die &#8222;PaZ&#8220; ist dann leider am Ende meiner Berufslehre untergegangen. Doch man redet heute noch dar\u00fcber.<\/p>\n<p style=\"text-align: justify;\">Da ich in dieser Zeit nebenbei noch viele Einladungen und Dankeskarten kreieren durfte, habe ich meine kleine Grafikfirma &#8222;pamcreativ&#8220; aus <b>Pa<\/b>trick <b>M<\/b>eyer ist\u00a0<b>Kreativ<\/b> gegr\u00fcndet. Mein kleines Gesch\u00e4ft ist jetzt bereits \u00fcber 20 Jahre alt und macht immer noch Auftr\u00e4ge f\u00fcr die Familie. Pamcreativ konnte in dieser Zeit tolle Aufgaben ausf\u00fchren: Viele Geburtsanzeigen, Webseiten f\u00fcr Hochzeiten, ein Abrechnungstool f\u00fcr den Kleiderladen Kookai und private Computerkurse.<\/p>\n<p style=\"text-align: justify;\"><a href=\"https:\/\/www.pamcreativ.ch\/wp-content\/uploads\/2015\/05\/image18.jpg\"><img loading=\"lazy\" decoding=\"async\" class=\"alignnone size-thumbnail wp-image-320\" src=\"https:\/\/www.pamcreativ.ch\/wp-content\/uploads\/2015\/05\/image18-150x150.jpg\" alt=\"image\" width=\"150\" height=\"150\" \/><\/a><\/p>\n<p style=\"text-align: justify;\">Heute ist pamcreativ meine eigene Marke und auch f\u00fcr meinen Blog soll es die Leute unterhalten und informieren. Auf Feedback freue ich mich nat\u00fcrlich. Viel Spass!<\/p>\n<p style=\"text-align: justify;\"><a href=\"mailto:patrick.meyer@pamcreativ.ch\">patrick.meyer@pamcreativ.ch<\/a><\/p>\n","protected":false},"excerpt":{"rendered":"<p>Warum heisst meine Website eigentlich pamcreativ? Als ich etwa 13 Jahre alt war, haben meine Cousine Sabin und ich uns gegenseitig Briefe und Zeitungen geschrieben. Ein Jahr sp\u00e4ter habe ich dann begonnen eine Verwandtschaftszeitung an die ganze Familie zu senden. Mit 16 hatte ich dann bereits 45 Abonnenten, die fast jeden Monat eine &#8222;Patrick&#8217;s Zeitung&#8220; [&hellip;]<\/p>\n","protected":false},"author":1,"featured_media":0,"parent":2,"menu_order":0,"comment_status":"open","ping_status":"open","template":"","meta":{"footnotes":""},"class_list":["post-314","page","type-page","status-publish","czr-hentry"],"yoast_head":"<!-- This site is optimized with the Yoast SEO plugin v27.3 - https:\/\/yoast.com\/product\/yoast-seo-wordpress\/ -->\n<title>pamcreativ - pamcreativ<\/title>\n<meta name=\"robots\" content=\"index, follow, max-snippet:-1, max-image-preview:large, max-video-preview:-1\" \/>\n<link rel=\"canonical\" href=\"https:\/\/www.pamcreativ.ch\/?page_id=314\" \/>\n<meta property=\"og:locale\" content=\"de_DE\" \/>\n<meta property=\"og:type\" content=\"article\" \/>\n<meta property=\"og:title\" content=\"pamcreativ - pamcreativ\" \/>\n<meta property=\"og:description\" content=\"Warum heisst meine Website eigentlich pamcreativ? Als ich etwa 13 Jahre alt war, haben meine Cousine Sabin und ich uns gegenseitig Briefe und Zeitungen geschrieben. Ein Jahr sp\u00e4ter habe ich dann begonnen eine Verwandtschaftszeitung an die ganze Familie zu senden. Mit 16 hatte ich dann bereits 45 Abonnenten, die fast jeden Monat eine &#8222;Patrick&#8217;s Zeitung&#8220; [&hellip;]\" \/>\n<meta property=\"og:url\" content=\"https:\/\/www.pamcreativ.ch\/?page_id=314\" \/>\n<meta property=\"og:site_name\" content=\"pamcreativ\" \/>\n<meta property=\"article:modified_time\" content=\"2015-05-19T08:47:57+00:00\" \/>\n<meta property=\"og:image\" content=\"http:\/\/www.pamcreativ.ch\/wp-content\/uploads\/2015\/05\/image18-150x150.jpg\" \/>\n<meta name=\"twitter:card\" content=\"summary_large_image\" \/>\n<meta name=\"twitter:label1\" content=\"Gesch\u00e4tzte Lesezeit\" \/>\n\t<meta name=\"twitter:data1\" content=\"1\u00a0Minute\" \/>\n<script type=\"application\/ld+json\" class=\"yoast-schema-graph\">{\"@context\":\"https:\\\/\\\/schema.org\",\"@graph\":[{\"@type\":\"WebPage\",\"@id\":\"https:\\\/\\\/www.pamcreativ.ch\\\/?page_id=314\",\"url\":\"https:\\\/\\\/www.pamcreativ.ch\\\/?page_id=314\",\"name\":\"pamcreativ - pamcreativ\",\"isPartOf\":{\"@id\":\"https:\\\/\\\/www.pamcreativ.ch\\\/#website\"},\"primaryImageOfPage\":{\"@id\":\"https:\\\/\\\/www.pamcreativ.ch\\\/?page_id=314#primaryimage\"},\"image\":{\"@id\":\"https:\\\/\\\/www.pamcreativ.ch\\\/?page_id=314#primaryimage\"},\"thumbnailUrl\":\"http:\\\/\\\/www.pamcreativ.ch\\\/wp-content\\\/uploads\\\/2015\\\/05\\\/image18-150x150.jpg\",\"datePublished\":\"2015-05-17T05:28:17+00:00\",\"dateModified\":\"2015-05-19T08:47:57+00:00\",\"breadcrumb\":{\"@id\":\"https:\\\/\\\/www.pamcreativ.ch\\\/?page_id=314#breadcrumb\"},\"inLanguage\":\"de\",\"potentialAction\":[{\"@type\":\"ReadAction\",\"target\":[\"https:\\\/\\\/www.pamcreativ.ch\\\/?page_id=314\"]}]},{\"@type\":\"ImageObject\",\"inLanguage\":\"de\",\"@id\":\"https:\\\/\\\/www.pamcreativ.ch\\\/?page_id=314#primaryimage\",\"url\":\"http:\\\/\\\/www.pamcreativ.ch\\\/wp-content\\\/uploads\\\/2015\\\/05\\\/image18-150x150.jpg\",\"contentUrl\":\"http:\\\/\\\/www.pamcreativ.ch\\\/wp-content\\\/uploads\\\/2015\\\/05\\\/image18-150x150.jpg\"},{\"@type\":\"BreadcrumbList\",\"@id\":\"https:\\\/\\\/www.pamcreativ.ch\\\/?page_id=314#breadcrumb\",\"itemListElement\":[{\"@type\":\"ListItem\",\"position\":1,\"name\":\"Startseite\",\"item\":\"https:\\\/\\\/www.pamcreativ.ch\\\/\"},{\"@type\":\"ListItem\",\"position\":2,\"name\":\"Privat\",\"item\":\"https:\\\/\\\/www.pamcreativ.ch\\\/?page_id=2\"},{\"@type\":\"ListItem\",\"position\":3,\"name\":\"pamcreativ\"}]},{\"@type\":\"WebSite\",\"@id\":\"https:\\\/\\\/www.pamcreativ.ch\\\/#website\",\"url\":\"https:\\\/\\\/www.pamcreativ.ch\\\/\",\"name\":\"pamcreativ\",\"description\":\"Das Leben rund um Patrick Stephan Meyer\",\"potentialAction\":[{\"@type\":\"SearchAction\",\"target\":{\"@type\":\"EntryPoint\",\"urlTemplate\":\"https:\\\/\\\/www.pamcreativ.ch\\\/?s={search_term_string}\"},\"query-input\":{\"@type\":\"PropertyValueSpecification\",\"valueRequired\":true,\"valueName\":\"search_term_string\"}}],\"inLanguage\":\"de\"}]}<\/script>\n<!-- \/ Yoast SEO plugin. -->","yoast_head_json":{"title":"pamcreativ - pamcreativ","robots":{"index":"index","follow":"follow","max-snippet":"max-snippet:-1","max-image-preview":"max-image-preview:large","max-video-preview":"max-video-preview:-1"},"canonical":"https:\/\/www.pamcreativ.ch\/?page_id=314","og_locale":"de_DE","og_type":"article","og_title":"pamcreativ - pamcreativ","og_description":"Warum heisst meine Website eigentlich pamcreativ? Als ich etwa 13 Jahre alt war, haben meine Cousine Sabin und ich uns gegenseitig Briefe und Zeitungen geschrieben. Ein Jahr sp\u00e4ter habe ich dann begonnen eine Verwandtschaftszeitung an die ganze Familie zu senden. Mit 16 hatte ich dann bereits 45 Abonnenten, die fast jeden Monat eine &#8222;Patrick&#8217;s Zeitung&#8220; [&hellip;]","og_url":"https:\/\/www.pamcreativ.ch\/?page_id=314","og_site_name":"pamcreativ","article_modified_time":"2015-05-19T08:47:57+00:00","og_image":[{"url":"http:\/\/www.pamcreativ.ch\/wp-content\/uploads\/2015\/05\/image18-150x150.jpg","type":"","width":"","height":""}],"twitter_card":"summary_large_image","twitter_misc":{"Gesch\u00e4tzte Lesezeit":"1\u00a0Minute"},"schema":{"@context":"https:\/\/schema.org","@graph":[{"@type":"WebPage","@id":"https:\/\/www.pamcreativ.ch\/?page_id=314","url":"https:\/\/www.pamcreativ.ch\/?page_id=314","name":"pamcreativ - pamcreativ","isPartOf":{"@id":"https:\/\/www.pamcreativ.ch\/#website"},"primaryImageOfPage":{"@id":"https:\/\/www.pamcreativ.ch\/?page_id=314#primaryimage"},"image":{"@id":"https:\/\/www.pamcreativ.ch\/?page_id=314#primaryimage"},"thumbnailUrl":"http:\/\/www.pamcreativ.ch\/wp-content\/uploads\/2015\/05\/image18-150x150.jpg","datePublished":"2015-05-17T05:28:17+00:00","dateModified":"2015-05-19T08:47:57+00:00","breadcrumb":{"@id":"https:\/\/www.pamcreativ.ch\/?page_id=314#breadcrumb"},"inLanguage":"de","potentialAction":[{"@type":"ReadAction","target":["https:\/\/www.pamcreativ.ch\/?page_id=314"]}]},{"@type":"ImageObject","inLanguage":"de","@id":"https:\/\/www.pamcreativ.ch\/?page_id=314#primaryimage","url":"http:\/\/www.pamcreativ.ch\/wp-content\/uploads\/2015\/05\/image18-150x150.jpg","contentUrl":"http:\/\/www.pamcreativ.ch\/wp-content\/uploads\/2015\/05\/image18-150x150.jpg"},{"@type":"BreadcrumbList","@id":"https:\/\/www.pamcreativ.ch\/?page_id=314#breadcrumb","itemListElement":[{"@type":"ListItem","position":1,"name":"Startseite","item":"https:\/\/www.pamcreativ.ch\/"},{"@type":"ListItem","position":2,"name":"Privat","item":"https:\/\/www.pamcreativ.ch\/?page_id=2"},{"@type":"ListItem","position":3,"name":"pamcreativ"}]},{"@type":"WebSite","@id":"https:\/\/www.pamcreativ.ch\/#website","url":"https:\/\/www.pamcreativ.ch\/","name":"pamcreativ","description":"Das Leben rund um Patrick Stephan Meyer","potentialAction":[{"@type":"SearchAction","target":{"@type":"EntryPoint","urlTemplate":"https:\/\/www.pamcreativ.ch\/?s={search_term_string}"},"query-input":{"@type":"PropertyValueSpecification","valueRequired":true,"valueName":"search_term_string"}}],"inLanguage":"de"}]}},"_links":{"self":[{"href":"https:\/\/www.pamcreativ.ch\/index.php?rest_route=\/wp\/v2\/pages\/314","targetHints":{"allow":["GET"]}}],"collection":[{"href":"https:\/\/www.pamcreativ.ch\/index.php?rest_route=\/wp\/v2\/pages"}],"about":[{"href":"https:\/\/www.pamcreativ.ch\/index.php?rest_route=\/wp\/v2\/types\/page"}],"author":[{"embeddable":true,"href":"https:\/\/www.pamcreativ.ch\/index.php?rest_route=\/wp\/v2\/users\/1"}],"replies":[{"embeddable":true,"href":"https:\/\/www.pamcreativ.ch\/index.php?rest_route=%2Fwp%2Fv2%2Fcomments&post=314"}],"version-history":[{"count":6,"href":"https:\/\/www.pamcreativ.ch\/index.php?rest_route=\/wp\/v2\/pages\/314\/revisions"}],"predecessor-version":[{"id":371,"href":"https:\/\/www.pamcreativ.ch\/index.php?rest_route=\/wp\/v2\/pages\/314\/revisions\/371"}],"up":[{"embeddable":true,"href":"https:\/\/www.pamcreativ.ch\/index.php?rest_route=\/wp\/v2\/pages\/2"}],"wp:attachment":[{"href":"https:\/\/www.pamcreativ.ch\/index.php?rest_route=%2Fwp%2Fv2%2Fmedia&parent=314"}],"curies":[{"name":"wp","href":"https:\/\/api.w.org\/{rel}","templated":true}]}}