{"id":324,"date":"2015-05-17T12:03:04","date_gmt":"2015-05-17T10:03:04","guid":{"rendered":"http:\/\/www.pamcreativ.ch\/?page_id=324"},"modified":"2022-08-31T07:28:03","modified_gmt":"2022-08-31T05:28:03","slug":"patrick-stephan-meyer","status":"publish","type":"page","link":"https:\/\/www.pamcreativ.ch\/?page_id=324","title":{"rendered":"Patrick Stephan Meyer"},"content":{"rendered":"<p style=\"text-align: justify;\">Ich wurde im M\u00e4rz 1978 in Dornach SO als erster von 5 S\u00f6hnen geboren und bin in meiner Heimatstadt Basel aufgewachsen. Die Primarschule im Petersschulhaus absolvierte ich von 1985-1989 und wechselte bis 1994 in die Realschule in das Gottfried Keller- und danach ist das Isaak Iselin Schulhaus. Meine Berufslehre als Spengler-Sanit\u00e4rinstallateur habe ich f\u00fcr 4 Jahre in Bern als Wochenaufenthalter absolviert. Im Lehrlingsheim habe ich kurz vor dem Abschluss meine heutige Frau Nadine kennengelernt. Sie hat in Bern in dieser Zeit die Hotelhandelsschule und das KV besucht und erfolgreich abgeschlossen. Kurz nach der Lehre konnte ich an der Schweizer-meisterschaft Sanit\u00e4r den 3. Platz holen. W\u00e4hrend meiner anschliessenden Rekrutenschule in Payern VD als Lastwagenfahrer war Nadine f\u00fcr 2 Monate in Siena Italien an einer Sprachschule.<\/p>\n<p style=\"text-align: justify;\">Nadine hat sich im Herbst 1998 in Basel eine Stelle im Gastgewerbe gesucht und im Hotel Mittenza in Muttenz diese gefunden. Sie ist dann nach Basel in eine Einzimmerwohnung gezogen. Ich selber bin dann im November 1998 im Familienbetrieb eingestiegen und habe als Sanit\u00e4rmonteur auf den Baustellen das richtige Berufsleben kennen gelernt. Im Jahr 2000 sind wir in die erste gemeinsame Wohnung in Basel zusammen gezogen. W\u00e4hrend dem Arbeiten bei Hummel &amp; Meyer AG besuchte ich die Weiterbildungsschule in Lostorf SO und konnte meinen Meistertitel (eidg. dipl. Haustechnikinstallateur) im Jahr 2005 entgegen nehmen. Seit dem bin ich jedes Jahr als Experte an den Lehrabschlusspr\u00fcfungen Sanit\u00e4r t\u00e4tig.<\/p>\n<p style=\"text-align: justify;\">Seit dem Jahr 2000 bin ich Aktivmitglied der Guggemuusig Schr\u00e4nz-Gritte 1950 in Basel. Man hat mir bei der ersten Probe eine Trompete in die Hand gedr\u00fcckt und somit spiele ich seither dieses Blasinstrument. Unteranderem war ich als Vize-Pr\u00e4sident im Vorstand 12 Jahre t\u00e4tig.<\/p>\n<p style=\"text-align: justify;\">Seit Herbst 2006 bin ich mit Nadine verheiratet, die nun Frau Meyer heisst. Eigentlich wollte ich als richtiger &#8222;Bebbi&#8220; nie aus der Stadt. Doch da wir unsere Firma mit dem B\u00fcro und der Werkstatt in Aesch ausgebaut hatten, sind wir 2008 ins sch\u00f6ne Aesch bi Gott gezogen. Nadine arbeitet ebenfalls seit Jahren in unserem Familienbetrieb. Hier im Baselbiet f\u00fchlen wir uns sehr wohl und geniessen die Natur und Ruhe. Auch der 2-Minuten-Fussweg ins Gesch\u00e4ft ist ein Luxus.<\/p>\n<p style=\"text-align: justify;\"><a href=\"https:\/\/www.pamcreativ.ch\/wp-content\/uploads\/2015\/05\/image25-e1431876162515.jpg\"><img loading=\"lazy\" decoding=\"async\" class=\"alignnone size-thumbnail wp-image-349\" src=\"https:\/\/www.pamcreativ.ch\/wp-content\/uploads\/2015\/05\/image25-e1431876162515-150x150.jpg\" alt=\"image\" width=\"150\" height=\"150\" \/><\/a><\/p>\n<p style=\"text-align: justify;\">Nadine &amp; Patrick 2015<\/p>\n<p style=\"text-align: justify;\"><a href=\"https:\/\/www.pamcreativ.ch\/wp-content\/uploads\/2015\/04\/Datei-24.04.15-17-04-12.jpeg\"><img loading=\"lazy\" decoding=\"async\" class=\"alignnone size-thumbnail wp-image-108\" src=\"https:\/\/www.pamcreativ.ch\/wp-content\/uploads\/2015\/04\/Datei-24.04.15-17-04-12-150x150.jpeg\" alt=\"Datei 24.04.15 17 04 12\" width=\"150\" height=\"150\" \/><\/a><\/p>\n<p style=\"text-align: justify;\">Nadine &amp; Patrick 2012<\/p>\n<p style=\"text-align: justify;\"><a href=\"https:\/\/www.pamcreativ.ch\/wp-content\/uploads\/2015\/05\/image26.jpg\"><img loading=\"lazy\" decoding=\"async\" class=\"alignnone size-thumbnail wp-image-351\" src=\"https:\/\/www.pamcreativ.ch\/wp-content\/uploads\/2015\/05\/image26-150x150.jpg\" alt=\"image\" width=\"150\" height=\"150\" \/><\/a><\/p>\n<p style=\"text-align: justify;\">Nadine &amp; Patrick 1999<\/p>\n<p style=\"text-align: justify;\"><a href=\"https:\/\/www.pamcreativ.ch\/wp-content\/uploads\/2015\/05\/Meyer_Brothers.jpg\"><img loading=\"lazy\" decoding=\"async\" class=\"alignnone size-thumbnail wp-image-211\" src=\"https:\/\/www.pamcreativ.ch\/wp-content\/uploads\/2015\/05\/Meyer_Brothers-150x150.jpg\" alt=\"Meyer_Brothers\" width=\"150\" height=\"150\" \/><\/a><\/p>\n<p style=\"text-align: justify;\">Meyer Brothers 2015<\/p>\n","protected":false},"excerpt":{"rendered":"<p>Ich wurde im M\u00e4rz 1978 in Dornach SO als erster von 5 S\u00f6hnen geboren und bin in meiner Heimatstadt Basel aufgewachsen. Die Primarschule im Petersschulhaus absolvierte ich von 1985-1989 und wechselte bis 1994 in die Realschule in das Gottfried Keller- und danach ist das Isaak Iselin Schulhaus. Meine Berufslehre als Spengler-Sanit\u00e4rinstallateur habe ich f\u00fcr 4 [&hellip;]<\/p>\n","protected":false},"author":1,"featured_media":0,"parent":2,"menu_order":0,"comment_status":"open","ping_status":"open","template":"","meta":{"footnotes":""},"class_list":["post-324","page","type-page","status-publish","czr-hentry"],"yoast_head":"<!-- This site is optimized with the Yoast SEO plugin v27.3 - https:\/\/yoast.com\/product\/yoast-seo-wordpress\/ -->\n<title>Patrick Stephan Meyer - pamcreativ<\/title>\n<meta name=\"robots\" content=\"index, follow, max-snippet:-1, max-image-preview:large, max-video-preview:-1\" \/>\n<link rel=\"canonical\" href=\"https:\/\/www.pamcreativ.ch\/?page_id=324\" \/>\n<meta property=\"og:locale\" content=\"de_DE\" \/>\n<meta property=\"og:type\" content=\"article\" \/>\n<meta property=\"og:title\" content=\"Patrick Stephan Meyer - pamcreativ\" \/>\n<meta property=\"og:description\" content=\"Ich wurde im M\u00e4rz 1978 in Dornach SO als erster von 5 S\u00f6hnen geboren und bin in meiner Heimatstadt Basel aufgewachsen. Die Primarschule im Petersschulhaus absolvierte ich von 1985-1989 und wechselte bis 1994 in die Realschule in das Gottfried Keller- und danach ist das Isaak Iselin Schulhaus. Meine Berufslehre als Spengler-Sanit\u00e4rinstallateur habe ich f\u00fcr 4 [&hellip;]\" \/>\n<meta property=\"og:url\" content=\"https:\/\/www.pamcreativ.ch\/?page_id=324\" \/>\n<meta property=\"og:site_name\" content=\"pamcreativ\" \/>\n<meta property=\"article:modified_time\" content=\"2022-08-31T05:28:03+00:00\" \/>\n<meta property=\"og:image\" content=\"http:\/\/www.pamcreativ.ch\/wp-content\/uploads\/2015\/05\/image25-e1431876162515-150x150.jpg\" \/>\n<meta name=\"twitter:card\" content=\"summary_large_image\" \/>\n<meta name=\"twitter:label1\" content=\"Gesch\u00e4tzte Lesezeit\" \/>\n\t<meta name=\"twitter:data1\" content=\"3\u00a0Minuten\" \/>\n<script type=\"application\/ld+json\" class=\"yoast-schema-graph\">{\"@context\":\"https:\\\/\\\/schema.org\",\"@graph\":[{\"@type\":\"WebPage\",\"@id\":\"https:\\\/\\\/www.pamcreativ.ch\\\/?page_id=324\",\"url\":\"https:\\\/\\\/www.pamcreativ.ch\\\/?page_id=324\",\"name\":\"Patrick Stephan Meyer - pamcreativ\",\"isPartOf\":{\"@id\":\"https:\\\/\\\/www.pamcreativ.ch\\\/#website\"},\"primaryImageOfPage\":{\"@id\":\"https:\\\/\\\/www.pamcreativ.ch\\\/?page_id=324#primaryimage\"},\"image\":{\"@id\":\"https:\\\/\\\/www.pamcreativ.ch\\\/?page_id=324#primaryimage\"},\"thumbnailUrl\":\"http:\\\/\\\/www.pamcreativ.ch\\\/wp-content\\\/uploads\\\/2015\\\/05\\\/image25-e1431876162515-150x150.jpg\",\"datePublished\":\"2015-05-17T10:03:04+00:00\",\"dateModified\":\"2022-08-31T05:28:03+00:00\",\"breadcrumb\":{\"@id\":\"https:\\\/\\\/www.pamcreativ.ch\\\/?page_id=324#breadcrumb\"},\"inLanguage\":\"de\",\"potentialAction\":[{\"@type\":\"ReadAction\",\"target\":[\"https:\\\/\\\/www.pamcreativ.ch\\\/?page_id=324\"]}]},{\"@type\":\"ImageObject\",\"inLanguage\":\"de\",\"@id\":\"https:\\\/\\\/www.pamcreativ.ch\\\/?page_id=324#primaryimage\",\"url\":\"http:\\\/\\\/www.pamcreativ.ch\\\/wp-content\\\/uploads\\\/2015\\\/05\\\/image25-e1431876162515-150x150.jpg\",\"contentUrl\":\"http:\\\/\\\/www.pamcreativ.ch\\\/wp-content\\\/uploads\\\/2015\\\/05\\\/image25-e1431876162515-150x150.jpg\"},{\"@type\":\"BreadcrumbList\",\"@id\":\"https:\\\/\\\/www.pamcreativ.ch\\\/?page_id=324#breadcrumb\",\"itemListElement\":[{\"@type\":\"ListItem\",\"position\":1,\"name\":\"Startseite\",\"item\":\"https:\\\/\\\/www.pamcreativ.ch\\\/\"},{\"@type\":\"ListItem\",\"position\":2,\"name\":\"Privat\",\"item\":\"https:\\\/\\\/www.pamcreativ.ch\\\/?page_id=2\"},{\"@type\":\"ListItem\",\"position\":3,\"name\":\"Patrick Stephan Meyer\"}]},{\"@type\":\"WebSite\",\"@id\":\"https:\\\/\\\/www.pamcreativ.ch\\\/#website\",\"url\":\"https:\\\/\\\/www.pamcreativ.ch\\\/\",\"name\":\"pamcreativ\",\"description\":\"Das Leben rund um Patrick Stephan Meyer\",\"potentialAction\":[{\"@type\":\"SearchAction\",\"target\":{\"@type\":\"EntryPoint\",\"urlTemplate\":\"https:\\\/\\\/www.pamcreativ.ch\\\/?s={search_term_string}\"},\"query-input\":{\"@type\":\"PropertyValueSpecification\",\"valueRequired\":true,\"valueName\":\"search_term_string\"}}],\"inLanguage\":\"de\"}]}<\/script>\n<!-- \/ Yoast SEO plugin. -->","yoast_head_json":{"title":"Patrick Stephan Meyer - pamcreativ","robots":{"index":"index","follow":"follow","max-snippet":"max-snippet:-1","max-image-preview":"max-image-preview:large","max-video-preview":"max-video-preview:-1"},"canonical":"https:\/\/www.pamcreativ.ch\/?page_id=324","og_locale":"de_DE","og_type":"article","og_title":"Patrick Stephan Meyer - pamcreativ","og_description":"Ich wurde im M\u00e4rz 1978 in Dornach SO als erster von 5 S\u00f6hnen geboren und bin in meiner Heimatstadt Basel aufgewachsen. Die Primarschule im Petersschulhaus absolvierte ich von 1985-1989 und wechselte bis 1994 in die Realschule in das Gottfried Keller- und danach ist das Isaak Iselin Schulhaus. Meine Berufslehre als Spengler-Sanit\u00e4rinstallateur habe ich f\u00fcr 4 [&hellip;]","og_url":"https:\/\/www.pamcreativ.ch\/?page_id=324","og_site_name":"pamcreativ","article_modified_time":"2022-08-31T05:28:03+00:00","og_image":[{"url":"http:\/\/www.pamcreativ.ch\/wp-content\/uploads\/2015\/05\/image25-e1431876162515-150x150.jpg","type":"","width":"","height":""}],"twitter_card":"summary_large_image","twitter_misc":{"Gesch\u00e4tzte Lesezeit":"3\u00a0Minuten"},"schema":{"@context":"https:\/\/schema.org","@graph":[{"@type":"WebPage","@id":"https:\/\/www.pamcreativ.ch\/?page_id=324","url":"https:\/\/www.pamcreativ.ch\/?page_id=324","name":"Patrick Stephan Meyer - pamcreativ","isPartOf":{"@id":"https:\/\/www.pamcreativ.ch\/#website"},"primaryImageOfPage":{"@id":"https:\/\/www.pamcreativ.ch\/?page_id=324#primaryimage"},"image":{"@id":"https:\/\/www.pamcreativ.ch\/?page_id=324#primaryimage"},"thumbnailUrl":"http:\/\/www.pamcreativ.ch\/wp-content\/uploads\/2015\/05\/image25-e1431876162515-150x150.jpg","datePublished":"2015-05-17T10:03:04+00:00","dateModified":"2022-08-31T05:28:03+00:00","breadcrumb":{"@id":"https:\/\/www.pamcreativ.ch\/?page_id=324#breadcrumb"},"inLanguage":"de","potentialAction":[{"@type":"ReadAction","target":["https:\/\/www.pamcreativ.ch\/?page_id=324"]}]},{"@type":"ImageObject","inLanguage":"de","@id":"https:\/\/www.pamcreativ.ch\/?page_id=324#primaryimage","url":"http:\/\/www.pamcreativ.ch\/wp-content\/uploads\/2015\/05\/image25-e1431876162515-150x150.jpg","contentUrl":"http:\/\/www.pamcreativ.ch\/wp-content\/uploads\/2015\/05\/image25-e1431876162515-150x150.jpg"},{"@type":"BreadcrumbList","@id":"https:\/\/www.pamcreativ.ch\/?page_id=324#breadcrumb","itemListElement":[{"@type":"ListItem","position":1,"name":"Startseite","item":"https:\/\/www.pamcreativ.ch\/"},{"@type":"ListItem","position":2,"name":"Privat","item":"https:\/\/www.pamcreativ.ch\/?page_id=2"},{"@type":"ListItem","position":3,"name":"Patrick Stephan Meyer"}]},{"@type":"WebSite","@id":"https:\/\/www.pamcreativ.ch\/#website","url":"https:\/\/www.pamcreativ.ch\/","name":"pamcreativ","description":"Das Leben rund um Patrick Stephan Meyer","potentialAction":[{"@type":"SearchAction","target":{"@type":"EntryPoint","urlTemplate":"https:\/\/www.pamcreativ.ch\/?s={search_term_string}"},"query-input":{"@type":"PropertyValueSpecification","valueRequired":true,"valueName":"search_term_string"}}],"inLanguage":"de"}]}},"_links":{"self":[{"href":"https:\/\/www.pamcreativ.ch\/index.php?rest_route=\/wp\/v2\/pages\/324","targetHints":{"allow":["GET"]}}],"collection":[{"href":"https:\/\/www.pamcreativ.ch\/index.php?rest_route=\/wp\/v2\/pages"}],"about":[{"href":"https:\/\/www.pamcreativ.ch\/index.php?rest_route=\/wp\/v2\/types\/page"}],"author":[{"embeddable":true,"href":"https:\/\/www.pamcreativ.ch\/index.php?rest_route=\/wp\/v2\/users\/1"}],"replies":[{"embeddable":true,"href":"https:\/\/www.pamcreativ.ch\/index.php?rest_route=%2Fwp%2Fv2%2Fcomments&post=324"}],"version-history":[{"count":10,"href":"https:\/\/www.pamcreativ.ch\/index.php?rest_route=\/wp\/v2\/pages\/324\/revisions"}],"predecessor-version":[{"id":619,"href":"https:\/\/www.pamcreativ.ch\/index.php?rest_route=\/wp\/v2\/pages\/324\/revisions\/619"}],"up":[{"embeddable":true,"href":"https:\/\/www.pamcreativ.ch\/index.php?rest_route=\/wp\/v2\/pages\/2"}],"wp:attachment":[{"href":"https:\/\/www.pamcreativ.ch\/index.php?rest_route=%2Fwp%2Fv2%2Fmedia&parent=324"}],"curies":[{"name":"wp","href":"https:\/\/api.w.org\/{rel}","templated":true}]}}