{"id":331,"date":"2015-05-17T12:25:58","date_gmt":"2015-05-17T10:25:58","guid":{"rendered":"http:\/\/www.pamcreativ.ch\/?page_id=331"},"modified":"2019-02-11T16:58:14","modified_gmt":"2019-02-11T15:58:14","slug":"impressum","status":"publish","type":"page","link":"https:\/\/www.pamcreativ.ch\/?page_id=331","title":{"rendered":"Impressum"},"content":{"rendered":"<p><a href=\"https:\/\/www.pamcreativ.ch\/wp-content\/uploads\/2015\/05\/pamcreativ-logo.png\"><img loading=\"lazy\" decoding=\"async\" class=\" size-thumbnail wp-image-182 aligncenter\" src=\"https:\/\/www.pamcreativ.ch\/wp-content\/uploads\/2015\/05\/pamcreativ-logo-150x150.png\" alt=\"pamcreativ logo\" width=\"150\" height=\"150\" srcset=\"https:\/\/www.pamcreativ.ch\/wp-content\/uploads\/2015\/05\/pamcreativ-logo-150x150.png 150w, https:\/\/www.pamcreativ.ch\/wp-content\/uploads\/2015\/05\/pamcreativ-logo.png 243w\" sizes=\"auto, (max-width: 150px) 100vw, 150px\" \/><\/a><\/p>\n<h3 style=\"text-align: center;\">\u00a9 copyright and design by Patrick Stephan Meyer<\/h3>\n<p><b>Copyright Fotos, Bilder und Texte<\/b><br \/>\nDie Weiterverwendung von Fotos, Bilder und Texten jeglicher Art bedarf des schriftlichen Einverst\u00e4ndnis von Patrick Stephan Meyer und ist nur unter Erw\u00e4hnung der Copyrightangaben zul\u00e4ssig.<br \/>\n<b>Haftungshinweis<\/b><br \/>\nIch \u00fcbernehme keine Haftung f\u00fcr die Inhalte externer Links. F\u00fcr den Inhalt der verlinkten Seiten sind ausschliesslich deren Betreiber verantwortlich.<\/p>\n<p>Stand: Januar 2019<\/p>\n<p>Kontakt: Patrick Meyer, Aesch (Basel) &#8211; Switzerland<\/p>\n<p><a href=\"mailto:patrick.meyer@pamcreativ.ch\">patrick.meyer@pamcreativ.ch<\/a><\/p>\n","protected":false},"excerpt":{"rendered":"<p>\u00a9 copyright and design by Patrick Stephan Meyer Copyright Fotos, Bilder und Texte Die Weiterverwendung von Fotos, Bilder und Texten jeglicher Art bedarf des schriftlichen Einverst\u00e4ndnis von Patrick Stephan Meyer und ist nur unter Erw\u00e4hnung der Copyrightangaben zul\u00e4ssig. Haftungshinweis Ich \u00fcbernehme keine Haftung f\u00fcr die Inhalte externer Links. F\u00fcr den Inhalt der verlinkten Seiten sind [&hellip;]<\/p>\n","protected":false},"author":1,"featured_media":0,"parent":2,"menu_order":0,"comment_status":"closed","ping_status":"closed","template":"","meta":{"footnotes":""},"class_list":["post-331","page","type-page","status-publish","czr-hentry"],"yoast_head":"<!-- This site is optimized with the Yoast SEO plugin v27.3 - https:\/\/yoast.com\/product\/yoast-seo-wordpress\/ -->\n<title>Impressum - pamcreativ<\/title>\n<meta name=\"robots\" content=\"index, follow, max-snippet:-1, max-image-preview:large, max-video-preview:-1\" \/>\n<link rel=\"canonical\" href=\"https:\/\/www.pamcreativ.ch\/?page_id=331\" \/>\n<meta property=\"og:locale\" content=\"de_DE\" \/>\n<meta property=\"og:type\" content=\"article\" \/>\n<meta property=\"og:title\" content=\"Impressum - pamcreativ\" \/>\n<meta property=\"og:description\" content=\"\u00a9 copyright and design by Patrick Stephan Meyer Copyright Fotos, Bilder und Texte Die Weiterverwendung von Fotos, Bilder und Texten jeglicher Art bedarf des schriftlichen Einverst\u00e4ndnis von Patrick Stephan Meyer und ist nur unter Erw\u00e4hnung der Copyrightangaben zul\u00e4ssig. Haftungshinweis Ich \u00fcbernehme keine Haftung f\u00fcr die Inhalte externer Links. F\u00fcr den Inhalt der verlinkten Seiten sind [&hellip;]\" \/>\n<meta property=\"og:url\" content=\"https:\/\/www.pamcreativ.ch\/?page_id=331\" \/>\n<meta property=\"og:site_name\" content=\"pamcreativ\" \/>\n<meta property=\"article:modified_time\" content=\"2019-02-11T15:58:14+00:00\" \/>\n<meta property=\"og:image\" content=\"http:\/\/www.pamcreativ.ch\/wp-content\/uploads\/2015\/05\/pamcreativ-logo-150x150.png\" \/>\n<meta name=\"twitter:card\" content=\"summary_large_image\" \/>\n<script type=\"application\/ld+json\" class=\"yoast-schema-graph\">{\"@context\":\"https:\\\/\\\/schema.org\",\"@graph\":[{\"@type\":\"WebPage\",\"@id\":\"https:\\\/\\\/www.pamcreativ.ch\\\/?page_id=331\",\"url\":\"https:\\\/\\\/www.pamcreativ.ch\\\/?page_id=331\",\"name\":\"Impressum - pamcreativ\",\"isPartOf\":{\"@id\":\"https:\\\/\\\/www.pamcreativ.ch\\\/#website\"},\"primaryImageOfPage\":{\"@id\":\"https:\\\/\\\/www.pamcreativ.ch\\\/?page_id=331#primaryimage\"},\"image\":{\"@id\":\"https:\\\/\\\/www.pamcreativ.ch\\\/?page_id=331#primaryimage\"},\"thumbnailUrl\":\"http:\\\/\\\/www.pamcreativ.ch\\\/wp-content\\\/uploads\\\/2015\\\/05\\\/pamcreativ-logo-150x150.png\",\"datePublished\":\"2015-05-17T10:25:58+00:00\",\"dateModified\":\"2019-02-11T15:58:14+00:00\",\"breadcrumb\":{\"@id\":\"https:\\\/\\\/www.pamcreativ.ch\\\/?page_id=331#breadcrumb\"},\"inLanguage\":\"de\",\"potentialAction\":[{\"@type\":\"ReadAction\",\"target\":[\"https:\\\/\\\/www.pamcreativ.ch\\\/?page_id=331\"]}]},{\"@type\":\"ImageObject\",\"inLanguage\":\"de\",\"@id\":\"https:\\\/\\\/www.pamcreativ.ch\\\/?page_id=331#primaryimage\",\"url\":\"http:\\\/\\\/www.pamcreativ.ch\\\/wp-content\\\/uploads\\\/2015\\\/05\\\/pamcreativ-logo-150x150.png\",\"contentUrl\":\"http:\\\/\\\/www.pamcreativ.ch\\\/wp-content\\\/uploads\\\/2015\\\/05\\\/pamcreativ-logo-150x150.png\"},{\"@type\":\"BreadcrumbList\",\"@id\":\"https:\\\/\\\/www.pamcreativ.ch\\\/?page_id=331#breadcrumb\",\"itemListElement\":[{\"@type\":\"ListItem\",\"position\":1,\"name\":\"Startseite\",\"item\":\"https:\\\/\\\/www.pamcreativ.ch\\\/\"},{\"@type\":\"ListItem\",\"position\":2,\"name\":\"Privat\",\"item\":\"https:\\\/\\\/www.pamcreativ.ch\\\/?page_id=2\"},{\"@type\":\"ListItem\",\"position\":3,\"name\":\"Impressum\"}]},{\"@type\":\"WebSite\",\"@id\":\"https:\\\/\\\/www.pamcreativ.ch\\\/#website\",\"url\":\"https:\\\/\\\/www.pamcreativ.ch\\\/\",\"name\":\"pamcreativ\",\"description\":\"Das Leben rund um Patrick Stephan Meyer\",\"potentialAction\":[{\"@type\":\"SearchAction\",\"target\":{\"@type\":\"EntryPoint\",\"urlTemplate\":\"https:\\\/\\\/www.pamcreativ.ch\\\/?s={search_term_string}\"},\"query-input\":{\"@type\":\"PropertyValueSpecification\",\"valueRequired\":true,\"valueName\":\"search_term_string\"}}],\"inLanguage\":\"de\"}]}<\/script>\n<!-- \/ Yoast SEO plugin. -->","yoast_head_json":{"title":"Impressum - pamcreativ","robots":{"index":"index","follow":"follow","max-snippet":"max-snippet:-1","max-image-preview":"max-image-preview:large","max-video-preview":"max-video-preview:-1"},"canonical":"https:\/\/www.pamcreativ.ch\/?page_id=331","og_locale":"de_DE","og_type":"article","og_title":"Impressum - pamcreativ","og_description":"\u00a9 copyright and design by Patrick Stephan Meyer Copyright Fotos, Bilder und Texte Die Weiterverwendung von Fotos, Bilder und Texten jeglicher Art bedarf des schriftlichen Einverst\u00e4ndnis von Patrick Stephan Meyer und ist nur unter Erw\u00e4hnung der Copyrightangaben zul\u00e4ssig. Haftungshinweis Ich \u00fcbernehme keine Haftung f\u00fcr die Inhalte externer Links. F\u00fcr den Inhalt der verlinkten Seiten sind [&hellip;]","og_url":"https:\/\/www.pamcreativ.ch\/?page_id=331","og_site_name":"pamcreativ","article_modified_time":"2019-02-11T15:58:14+00:00","og_image":[{"url":"http:\/\/www.pamcreativ.ch\/wp-content\/uploads\/2015\/05\/pamcreativ-logo-150x150.png","type":"","width":"","height":""}],"twitter_card":"summary_large_image","schema":{"@context":"https:\/\/schema.org","@graph":[{"@type":"WebPage","@id":"https:\/\/www.pamcreativ.ch\/?page_id=331","url":"https:\/\/www.pamcreativ.ch\/?page_id=331","name":"Impressum - pamcreativ","isPartOf":{"@id":"https:\/\/www.pamcreativ.ch\/#website"},"primaryImageOfPage":{"@id":"https:\/\/www.pamcreativ.ch\/?page_id=331#primaryimage"},"image":{"@id":"https:\/\/www.pamcreativ.ch\/?page_id=331#primaryimage"},"thumbnailUrl":"http:\/\/www.pamcreativ.ch\/wp-content\/uploads\/2015\/05\/pamcreativ-logo-150x150.png","datePublished":"2015-05-17T10:25:58+00:00","dateModified":"2019-02-11T15:58:14+00:00","breadcrumb":{"@id":"https:\/\/www.pamcreativ.ch\/?page_id=331#breadcrumb"},"inLanguage":"de","potentialAction":[{"@type":"ReadAction","target":["https:\/\/www.pamcreativ.ch\/?page_id=331"]}]},{"@type":"ImageObject","inLanguage":"de","@id":"https:\/\/www.pamcreativ.ch\/?page_id=331#primaryimage","url":"http:\/\/www.pamcreativ.ch\/wp-content\/uploads\/2015\/05\/pamcreativ-logo-150x150.png","contentUrl":"http:\/\/www.pamcreativ.ch\/wp-content\/uploads\/2015\/05\/pamcreativ-logo-150x150.png"},{"@type":"BreadcrumbList","@id":"https:\/\/www.pamcreativ.ch\/?page_id=331#breadcrumb","itemListElement":[{"@type":"ListItem","position":1,"name":"Startseite","item":"https:\/\/www.pamcreativ.ch\/"},{"@type":"ListItem","position":2,"name":"Privat","item":"https:\/\/www.pamcreativ.ch\/?page_id=2"},{"@type":"ListItem","position":3,"name":"Impressum"}]},{"@type":"WebSite","@id":"https:\/\/www.pamcreativ.ch\/#website","url":"https:\/\/www.pamcreativ.ch\/","name":"pamcreativ","description":"Das Leben rund um Patrick Stephan Meyer","potentialAction":[{"@type":"SearchAction","target":{"@type":"EntryPoint","urlTemplate":"https:\/\/www.pamcreativ.ch\/?s={search_term_string}"},"query-input":{"@type":"PropertyValueSpecification","valueRequired":true,"valueName":"search_term_string"}}],"inLanguage":"de"}]}},"_links":{"self":[{"href":"https:\/\/www.pamcreativ.ch\/index.php?rest_route=\/wp\/v2\/pages\/331","targetHints":{"allow":["GET"]}}],"collection":[{"href":"https:\/\/www.pamcreativ.ch\/index.php?rest_route=\/wp\/v2\/pages"}],"about":[{"href":"https:\/\/www.pamcreativ.ch\/index.php?rest_route=\/wp\/v2\/types\/page"}],"author":[{"embeddable":true,"href":"https:\/\/www.pamcreativ.ch\/index.php?rest_route=\/wp\/v2\/users\/1"}],"replies":[{"embeddable":true,"href":"https:\/\/www.pamcreativ.ch\/index.php?rest_route=%2Fwp%2Fv2%2Fcomments&post=331"}],"version-history":[{"count":7,"href":"https:\/\/www.pamcreativ.ch\/index.php?rest_route=\/wp\/v2\/pages\/331\/revisions"}],"predecessor-version":[{"id":597,"href":"https:\/\/www.pamcreativ.ch\/index.php?rest_route=\/wp\/v2\/pages\/331\/revisions\/597"}],"up":[{"embeddable":true,"href":"https:\/\/www.pamcreativ.ch\/index.php?rest_route=\/wp\/v2\/pages\/2"}],"wp:attachment":[{"href":"https:\/\/www.pamcreativ.ch\/index.php?rest_route=%2Fwp%2Fv2%2Fmedia&parent=331"}],"curies":[{"name":"wp","href":"https:\/\/api.w.org\/{rel}","templated":true}]}}