{"id":86,"date":"2015-04-23T17:47:19","date_gmt":"2015-04-23T15:47:19","guid":{"rendered":"http:\/\/www.pamcreativ.ch\/?page_id=86"},"modified":"2015-04-25T11:16:35","modified_gmt":"2015-04-25T09:16:35","slug":"biznetz","status":"publish","type":"page","link":"https:\/\/www.pamcreativ.ch\/?page_id=86","title":{"rendered":"biznetz"},"content":{"rendered":"<p><a href=\"http:\/\/www.biznetz.ch\/\" target=\"_blank\"><img loading=\"lazy\" decoding=\"async\" class=\"alignnone size-medium wp-image-87\" src=\"https:\/\/www.pamcreativ.ch\/wp-content\/uploads\/2015\/04\/biznetz_logo_rgb-300x120.jpg\" alt=\"biznetz_logo_rgb\" width=\"300\" height=\"120\" srcset=\"https:\/\/www.pamcreativ.ch\/wp-content\/uploads\/2015\/04\/biznetz_logo_rgb-300x120.jpg 300w, https:\/\/www.pamcreativ.ch\/wp-content\/uploads\/2015\/04\/biznetz_logo_rgb.jpg 800w\" sizes=\"auto, (max-width: 300px) 100vw, 300px\" \/><\/a><\/p>\n<p>&nbsp;<\/p>\n<p>BIZNETZ Basel ist ein Business-Club und somit eine Vereinigung von Gesch\u00e4ftsleuten. Der Verein bezweckt die F\u00f6rderung des gegenseitigen Kontakts, sowie den Ausbau der Netzwerke der Mitglieder. Er sorgt f\u00fcr einen Wissenstransfer unter den Mitgliedern.<\/p>\n<p><strong>Philosophie<\/strong><br \/>\nRespekt, Wertsch\u00e4tzung und Vertrauen sind zentrale Pfeiler des Vereins. Die Mitglieder von BIZNETZ Basel leben ein aktives Empfehlungs-Management.<\/p>\n<p><strong>Besondere Verhaltensregeln<\/strong><br \/>\nErfolg braucht \u2013 nach unserer Ansicht \u2013 gewisse Regeln. Dies gilt auch f\u00fcr unseren Business-Club. Wer bei BIZNETZ Basel Erfolg haben m\u00f6chte, muss ein verl\u00e4ssliches und engagiertes Mitglied sein. F\u00fcr uns ist selbstverst\u00e4ndlich, dass man sich gegen\u00fcber anderen Mitgliedern und Interessenten aufrichtig und respektvoll verh\u00e4lt. Die angebotenen Produkte und Dienstleistungen sind stets in bester Qualit\u00e4t und zum vereinbarten Preis zu liefern. Jedes Mitglied handelt nach Treu und Glauben.<\/p>\n<p><strong>Unser Motto<\/strong><br \/>\nWer Anderen neue Gesch\u00e4fte vermittelt, wird von Anderen auch Gesch\u00e4fte bekommen!<\/p>\n<p><a href=\"http:\/\/www.biznetz.ch\" target=\"_blank\">www.biznetz.ch<\/a><\/p>\n<p>&nbsp;<\/p>\n","protected":false},"excerpt":{"rendered":"<p>&nbsp; BIZNETZ Basel ist ein Business-Club und somit eine Vereinigung von Gesch\u00e4ftsleuten. Der Verein bezweckt die F\u00f6rderung des gegenseitigen Kontakts, sowie den Ausbau der Netzwerke der Mitglieder. Er sorgt f\u00fcr einen Wissenstransfer unter den Mitgliedern. Philosophie Respekt, Wertsch\u00e4tzung und Vertrauen sind zentrale Pfeiler des Vereins. Die Mitglieder von BIZNETZ Basel leben ein aktives Empfehlungs-Management. Besondere [&hellip;]<\/p>\n","protected":false},"author":1,"featured_media":0,"parent":6,"menu_order":2,"comment_status":"open","ping_status":"open","template":"","meta":{"footnotes":""},"class_list":["post-86","page","type-page","status-publish","czr-hentry"],"yoast_head":"<!-- This site is optimized with the Yoast SEO plugin v27.3 - https:\/\/yoast.com\/product\/yoast-seo-wordpress\/ -->\n<title>biznetz - pamcreativ<\/title>\n<meta name=\"robots\" content=\"index, follow, max-snippet:-1, max-image-preview:large, max-video-preview:-1\" \/>\n<link rel=\"canonical\" href=\"https:\/\/www.pamcreativ.ch\/?page_id=86\" \/>\n<meta property=\"og:locale\" content=\"de_DE\" \/>\n<meta property=\"og:type\" content=\"article\" \/>\n<meta property=\"og:title\" content=\"biznetz - pamcreativ\" \/>\n<meta property=\"og:description\" content=\"&nbsp; BIZNETZ Basel ist ein Business-Club und somit eine Vereinigung von Gesch\u00e4ftsleuten. Der Verein bezweckt die F\u00f6rderung des gegenseitigen Kontakts, sowie den Ausbau der Netzwerke der Mitglieder. Er sorgt f\u00fcr einen Wissenstransfer unter den Mitgliedern. Philosophie Respekt, Wertsch\u00e4tzung und Vertrauen sind zentrale Pfeiler des Vereins. Die Mitglieder von BIZNETZ Basel leben ein aktives Empfehlungs-Management. Besondere [&hellip;]\" \/>\n<meta property=\"og:url\" content=\"https:\/\/www.pamcreativ.ch\/?page_id=86\" \/>\n<meta property=\"og:site_name\" content=\"pamcreativ\" \/>\n<meta property=\"article:modified_time\" content=\"2015-04-25T09:16:35+00:00\" \/>\n<meta property=\"og:image\" content=\"http:\/\/www.pamcreativ.ch\/wp-content\/uploads\/2015\/04\/biznetz_logo_rgb-300x120.jpg\" \/>\n<meta name=\"twitter:card\" content=\"summary_large_image\" \/>\n<meta name=\"twitter:label1\" content=\"Gesch\u00e4tzte Lesezeit\" \/>\n\t<meta name=\"twitter:data1\" content=\"1\u00a0Minute\" \/>\n<script type=\"application\/ld+json\" class=\"yoast-schema-graph\">{\"@context\":\"https:\\\/\\\/schema.org\",\"@graph\":[{\"@type\":\"WebPage\",\"@id\":\"https:\\\/\\\/www.pamcreativ.ch\\\/?page_id=86\",\"url\":\"https:\\\/\\\/www.pamcreativ.ch\\\/?page_id=86\",\"name\":\"biznetz - pamcreativ\",\"isPartOf\":{\"@id\":\"https:\\\/\\\/www.pamcreativ.ch\\\/#website\"},\"primaryImageOfPage\":{\"@id\":\"https:\\\/\\\/www.pamcreativ.ch\\\/?page_id=86#primaryimage\"},\"image\":{\"@id\":\"https:\\\/\\\/www.pamcreativ.ch\\\/?page_id=86#primaryimage\"},\"thumbnailUrl\":\"http:\\\/\\\/www.pamcreativ.ch\\\/wp-content\\\/uploads\\\/2015\\\/04\\\/biznetz_logo_rgb-300x120.jpg\",\"datePublished\":\"2015-04-23T15:47:19+00:00\",\"dateModified\":\"2015-04-25T09:16:35+00:00\",\"breadcrumb\":{\"@id\":\"https:\\\/\\\/www.pamcreativ.ch\\\/?page_id=86#breadcrumb\"},\"inLanguage\":\"de\",\"potentialAction\":[{\"@type\":\"ReadAction\",\"target\":[\"https:\\\/\\\/www.pamcreativ.ch\\\/?page_id=86\"]}]},{\"@type\":\"ImageObject\",\"inLanguage\":\"de\",\"@id\":\"https:\\\/\\\/www.pamcreativ.ch\\\/?page_id=86#primaryimage\",\"url\":\"http:\\\/\\\/www.pamcreativ.ch\\\/wp-content\\\/uploads\\\/2015\\\/04\\\/biznetz_logo_rgb-300x120.jpg\",\"contentUrl\":\"http:\\\/\\\/www.pamcreativ.ch\\\/wp-content\\\/uploads\\\/2015\\\/04\\\/biznetz_logo_rgb-300x120.jpg\"},{\"@type\":\"BreadcrumbList\",\"@id\":\"https:\\\/\\\/www.pamcreativ.ch\\\/?page_id=86#breadcrumb\",\"itemListElement\":[{\"@type\":\"ListItem\",\"position\":1,\"name\":\"Startseite\",\"item\":\"https:\\\/\\\/www.pamcreativ.ch\\\/\"},{\"@type\":\"ListItem\",\"position\":2,\"name\":\"Business\",\"item\":\"https:\\\/\\\/www.pamcreativ.ch\\\/?page_id=6\"},{\"@type\":\"ListItem\",\"position\":3,\"name\":\"biznetz\"}]},{\"@type\":\"WebSite\",\"@id\":\"https:\\\/\\\/www.pamcreativ.ch\\\/#website\",\"url\":\"https:\\\/\\\/www.pamcreativ.ch\\\/\",\"name\":\"pamcreativ\",\"description\":\"Das Leben rund um Patrick Stephan Meyer\",\"potentialAction\":[{\"@type\":\"SearchAction\",\"target\":{\"@type\":\"EntryPoint\",\"urlTemplate\":\"https:\\\/\\\/www.pamcreativ.ch\\\/?s={search_term_string}\"},\"query-input\":{\"@type\":\"PropertyValueSpecification\",\"valueRequired\":true,\"valueName\":\"search_term_string\"}}],\"inLanguage\":\"de\"}]}<\/script>\n<!-- \/ Yoast SEO plugin. -->","yoast_head_json":{"title":"biznetz - pamcreativ","robots":{"index":"index","follow":"follow","max-snippet":"max-snippet:-1","max-image-preview":"max-image-preview:large","max-video-preview":"max-video-preview:-1"},"canonical":"https:\/\/www.pamcreativ.ch\/?page_id=86","og_locale":"de_DE","og_type":"article","og_title":"biznetz - pamcreativ","og_description":"&nbsp; BIZNETZ Basel ist ein Business-Club und somit eine Vereinigung von Gesch\u00e4ftsleuten. Der Verein bezweckt die F\u00f6rderung des gegenseitigen Kontakts, sowie den Ausbau der Netzwerke der Mitglieder. Er sorgt f\u00fcr einen Wissenstransfer unter den Mitgliedern. Philosophie Respekt, Wertsch\u00e4tzung und Vertrauen sind zentrale Pfeiler des Vereins. Die Mitglieder von BIZNETZ Basel leben ein aktives Empfehlungs-Management. Besondere [&hellip;]","og_url":"https:\/\/www.pamcreativ.ch\/?page_id=86","og_site_name":"pamcreativ","article_modified_time":"2015-04-25T09:16:35+00:00","og_image":[{"url":"http:\/\/www.pamcreativ.ch\/wp-content\/uploads\/2015\/04\/biznetz_logo_rgb-300x120.jpg","type":"","width":"","height":""}],"twitter_card":"summary_large_image","twitter_misc":{"Gesch\u00e4tzte Lesezeit":"1\u00a0Minute"},"schema":{"@context":"https:\/\/schema.org","@graph":[{"@type":"WebPage","@id":"https:\/\/www.pamcreativ.ch\/?page_id=86","url":"https:\/\/www.pamcreativ.ch\/?page_id=86","name":"biznetz - pamcreativ","isPartOf":{"@id":"https:\/\/www.pamcreativ.ch\/#website"},"primaryImageOfPage":{"@id":"https:\/\/www.pamcreativ.ch\/?page_id=86#primaryimage"},"image":{"@id":"https:\/\/www.pamcreativ.ch\/?page_id=86#primaryimage"},"thumbnailUrl":"http:\/\/www.pamcreativ.ch\/wp-content\/uploads\/2015\/04\/biznetz_logo_rgb-300x120.jpg","datePublished":"2015-04-23T15:47:19+00:00","dateModified":"2015-04-25T09:16:35+00:00","breadcrumb":{"@id":"https:\/\/www.pamcreativ.ch\/?page_id=86#breadcrumb"},"inLanguage":"de","potentialAction":[{"@type":"ReadAction","target":["https:\/\/www.pamcreativ.ch\/?page_id=86"]}]},{"@type":"ImageObject","inLanguage":"de","@id":"https:\/\/www.pamcreativ.ch\/?page_id=86#primaryimage","url":"http:\/\/www.pamcreativ.ch\/wp-content\/uploads\/2015\/04\/biznetz_logo_rgb-300x120.jpg","contentUrl":"http:\/\/www.pamcreativ.ch\/wp-content\/uploads\/2015\/04\/biznetz_logo_rgb-300x120.jpg"},{"@type":"BreadcrumbList","@id":"https:\/\/www.pamcreativ.ch\/?page_id=86#breadcrumb","itemListElement":[{"@type":"ListItem","position":1,"name":"Startseite","item":"https:\/\/www.pamcreativ.ch\/"},{"@type":"ListItem","position":2,"name":"Business","item":"https:\/\/www.pamcreativ.ch\/?page_id=6"},{"@type":"ListItem","position":3,"name":"biznetz"}]},{"@type":"WebSite","@id":"https:\/\/www.pamcreativ.ch\/#website","url":"https:\/\/www.pamcreativ.ch\/","name":"pamcreativ","description":"Das Leben rund um Patrick Stephan Meyer","potentialAction":[{"@type":"SearchAction","target":{"@type":"EntryPoint","urlTemplate":"https:\/\/www.pamcreativ.ch\/?s={search_term_string}"},"query-input":{"@type":"PropertyValueSpecification","valueRequired":true,"valueName":"search_term_string"}}],"inLanguage":"de"}]}},"_links":{"self":[{"href":"https:\/\/www.pamcreativ.ch\/index.php?rest_route=\/wp\/v2\/pages\/86","targetHints":{"allow":["GET"]}}],"collection":[{"href":"https:\/\/www.pamcreativ.ch\/index.php?rest_route=\/wp\/v2\/pages"}],"about":[{"href":"https:\/\/www.pamcreativ.ch\/index.php?rest_route=\/wp\/v2\/types\/page"}],"author":[{"embeddable":true,"href":"https:\/\/www.pamcreativ.ch\/index.php?rest_route=\/wp\/v2\/users\/1"}],"replies":[{"embeddable":true,"href":"https:\/\/www.pamcreativ.ch\/index.php?rest_route=%2Fwp%2Fv2%2Fcomments&post=86"}],"version-history":[{"count":5,"href":"https:\/\/www.pamcreativ.ch\/index.php?rest_route=\/wp\/v2\/pages\/86\/revisions"}],"predecessor-version":[{"id":118,"href":"https:\/\/www.pamcreativ.ch\/index.php?rest_route=\/wp\/v2\/pages\/86\/revisions\/118"}],"up":[{"embeddable":true,"href":"https:\/\/www.pamcreativ.ch\/index.php?rest_route=\/wp\/v2\/pages\/6"}],"wp:attachment":[{"href":"https:\/\/www.pamcreativ.ch\/index.php?rest_route=%2Fwp%2Fv2%2Fmedia&parent=86"}],"curies":[{"name":"wp","href":"https:\/\/api.w.org\/{rel}","templated":true}]}}